{"id":10802,"date":"2017-10-23T18:25:14","date_gmt":"2017-10-23T18:25:14","guid":{"rendered":"http:\/\/www.salonelize.nl\/site\/?page_id=10802"},"modified":"2024-08-20T13:21:07","modified_gmt":"2024-08-20T13:21:07","slug":"waxingstudio","status":"publish","type":"page","link":"https:\/\/www.salonelize.nl\/site\/waxingstudio\/","title":{"rendered":"WAXINGSTUDIO"},"content":{"rendered":"<div class=\"wpb-content-wrapper\"><p>[vc_row row_type=&#8221;row&#8221; use_row_as_full_screen_section=&#8221;no&#8221; type=&#8221;full_width&#8221; text_align=&#8221;left&#8221; box_shadow_on_row=&#8221;no&#8221;][vc_column][vc_single_image image=&#8221;11824&#8243; img_size=&#8221;full&#8221; alignment=&#8221;center&#8221; css=&#8221;&#8221; hover_animation=&#8221;no&#8221;][vc_empty_space image_repeat=&#8221;no-repeat&#8221;][\/vc_column][\/vc_row][vc_row row_type=&#8221;row&#8221; use_row_as_full_screen_section=&#8221;no&#8221; type=&#8221;full_width&#8221; text_align=&#8221;left&#8221; box_shadow_on_row=&#8221;no&#8221;][vc_column][vc_text_separator title=&#8221;Salon Elize | De specialist in ontharing (waxing)!&#8221; text_in_box=&#8221;yes&#8221; text_position=&#8221;center&#8221; box_border_style=&#8221;solid&#8221; line_border_style=&#8221;solid&#8221; line_dots=&#8221;no&#8221;][vc_empty_space image_repeat=&#8221;no-repeat&#8221;][\/vc_column][\/vc_row][vc_row row_type=&#8221;row&#8221; use_row_as_full_screen_section=&#8221;no&#8221; type=&#8221;full_width&#8221; text_align=&#8221;left&#8221; box_shadow_on_row=&#8221;no&#8221;][vc_column][vc_column_text css=&#8221;&#8221;]<b>JE EERSTE KEER WAXING.<\/b><\/p>\n<p>Zijn scheermesjes jouw metgezel vanaf dag \u00e9\u00e9n, maar ben je de rode irritatie na het scheren helemaal beu? Of blijf je klungelen met hars-strips of ontharing cr\u00e8me?\u00a0Stap dan uit je comfortzone en laat je voor de eerste keer waxen! In het begin kan dit best spannend zijn, maar zodra je de deur van Salon Elize opent zal deze spanning snel wegvloeien.\u00a0Elize zorgt als waxspecialist ervoor dat jij je helemaal thuis voelt en je met een prettig gevoel aan je waxbehandeling begint.<\/p>\n<p>&nbsp;<\/p>\n<p><strong>LAAT WETEN DAT HET JE EERSTE KEER WAXEN IS<\/strong><\/p>\n<p>Wil je meer weten over de eerste keer waxen? Neem dan contact op met ons op.\u00a0Wij helpen je graag met de voorbereidingen op je eerste waxbehandeling. Ook voor advies en meer informatie over onze werkwijze, onze waxbehandelingen of het maken van een afspraak kun je ons bellen of mailen!\u00a0Stap jij over je wax angst heen en zien we je snel voor een eerste waxbehandeling?[\/vc_column_text][vc_empty_space height=&#8221;42px&#8221; image_repeat=&#8221;no-repeat&#8221;]<a href=\"http:\/\/www.salonelize.nl\/site\/online-afspraak\/\" target=\"_self\"  class=\"qbutton  big_large_full_width fill_diagonal icon_right\" ><span class=\"text_wrap\">MAAK DIRECT EEN AFSPRAAK!<\/span><span class=\"a_overlay\" style=\"\"><\/span><\/a>[vc_empty_space height=&#8221;42px&#8221; image_repeat=&#8221;no-repeat&#8221;][vc_single_image image=&#8221;11826&#8243; img_size=&#8221;large&#8221; alignment=&#8221;center&#8221; css=&#8221;&#8221; hover_animation=&#8221;no&#8221;][\/vc_column][\/vc_row][vc_row row_type=&#8221;row&#8221; use_row_as_full_screen_section=&#8221;no&#8221; type=&#8221;full_width&#8221; text_align=&#8221;left&#8221; box_shadow_on_row=&#8221;no&#8221;][vc_column][vc_empty_space image_repeat=&#8221;no-repeat&#8221;][vc_column_text css=&#8221;&#8221;]<\/p>\n<div class=\"wpb_text_column wpb_content_element \">\n<div class=\"wpb_wrapper\">\n<p><strong>ONTHARING TIJDENS JE ZWANGERSCHAP<br \/>\n<\/strong><\/p>\n<p>Bij Salon Elize is het ook mogelijk om u te laten ontharen tijdens en tegen het einde van de zwangerschap. Het is fijn om tijdens en na de bevalling geen last te hebben van haren.\u00a0De ontharingswijze gebeurd met was (waxen).\u00a0 We brengen warme was op de huid van de benen en\/of schaamstreek. Daarna wordt de was eraf getrokken, met of\u00a0 zonder ontharingsstrip, waardoor de\u00a0 haren meekomen.\u00a0Er zit niets in de wax wat je baby kwaad kan doen,\u00a0 dus het is gewoon veilig om tijdens je zwangerschap\u00a0 je te laten waxen.<\/p>\n<\/div>\n<\/div>\n<p>[\/vc_column_text][vc_empty_space image_repeat=&#8221;no-repeat&#8221;][vc_column_text css=&#8221;&#8221;]<\/p>\n<div class=\"wpb_text_column wpb_content_element \">\n<div class=\"wpb_wrapper\">\n<p><strong>WAAROM ZOU IK WAXEN?<\/strong><\/p>\n<p>Waxen is \u00e9\u00e9n van de beste manieren om lichaamshaar te verwijderen en biedt in vergelijking met anderen methodes veel voordelen. Door onze speciale Wax is waxen mogelijk voor iedereen. Ook is het \u00e9\u00e9n van de meest natuurlijke manieren van haren verwijderen. Niet langer heb je last van harde stoppels, huidirritaties en haar-ingroei en de haren blijven veel langer weg. Welke voordelen waxen biedt ten opzichte van anderen methodes?<\/p>\n<p>&nbsp;<\/p>\n<p><strong>WAXEN VS SCHEREN<\/strong><\/p>\n<p>Hoewel wij merken dat waxen door steeds meer mensen gedaan wordt, is scheren nog steeds \u00e9\u00e9n van de bekende manieren om ongewenste haren te verwijderen. Bijna iedereen heeft wel eens een scheermes gebruikt, met wisselend resultaat. Het vaak gebruiken van een scheermes zorgt vaak voor irritaties en beschadigingen aan de huid.<\/p>\n<p>&nbsp;<\/p>\n<p>Los van dat het niet het beste is voor de huid zelf, kan het in sommige gevallen ook pijnlijke en lelijke plekjes achterlaten. Waxen biedt een goede oplossing om deze irritaties en wondjes te voorkomen. Doordat de haartjes op een professionele wijze uit de huid worden getrokken, wordt de huid zo min mogelijk belast.<\/p>\n<p>Daarbij hecht onze speciale\u00a0Wax\u00a0alleen aan de haartjes zelf, waardoor er niet extra aan de huid getrokken wordt als de haartjes worden verwijderd.<\/p>\n<p>Waxen zorgt voor een gladdere huid gedurende een langere periode. Bij scheren komen de haren dikker, stugger en sneller terug, omdat deze bot worden afgesneden door het scheermesje. De haartjes groeien na een scheerbeurt supersnel weer terug, waardoor je vaak binnen een dag weer opnieuw kan beginnen. Doordat bij waxen de gehele haar inclusief de wortel wordt verwijderd, blijven de haartjes veel langer weg (ongeveer twee weken) en komen ze een stuk zachter en ook dunner terug.<\/p>\n<\/div>\n<\/div>\n<p>[\/vc_column_text][vc_empty_space image_repeat=&#8221;no-repeat&#8221;][vc_single_image image=&#8221;11838&#8243; img_size=&#8221;large&#8221; alignment=&#8221;center&#8221; css=&#8221;&#8221; hover_animation=&#8221;no&#8221;][vc_empty_space image_repeat=&#8221;no-repeat&#8221;][vc_column_text css=&#8221;&#8221;]<\/p>\n<div class=\"wpb_text_column wpb_content_element \">\n<div class=\"wpb_wrapper\">\n<p><strong>WAXEN vs. ONTHARINGSCREM\u00c9<\/strong><\/p>\n<p>Waxen is niet alleen minder tijdrovend, maar ook minder schadelijk voor de huid dan het gebruik van ontharing cr\u00e8me. Salon Elize gebruikt een unieke wax, die bijna geen schadelijke middelen bevat. Dit is een ander verhaal bij ontharing cr\u00e8mes. Deze cr\u00e8mes hebben vaak een chemische samenstelling en kunnen zorgen voor allergische reacties, verbranding van de huid en pijnlijke blaasjes. Bij Salon Elize hebben wij een wax die geschikt is voor elk huidtype, waardoor er een zeer kleine kans bestaat op huidbeschadiging.\u00a0Ook weet Elize precies hoe zij jouw huidtype moeten behandelen om het mooiste resultaat te behalen, zodat je met een stralende huid de deur uit loopt.<\/p>\n<p>&nbsp;<\/p>\n<p><strong>WAXEN vs. IPL\/LASER<\/strong><\/p>\n<p>Waxen is in Nederland nog niet zo heel lang een trend. Toch is er al een nieuwere methode: laseren. Een laserbehandeling is een methode van ontharen waarbij scherpe lichtflitsen hitte door de haarschacht naar het haarzakje leiden, met als doel deze te vernietigen. Anders dan bij waxen, is een optimaal resultaat sterk afhankelijk van de haarkleur en haartype en daarmee lang niet voor iedereen geschikt. Bovendien is, net als bij alle nieuwe methodes, de technologie omtrent IPL en laser nog niet uitontwikkeld. Waardoor de behandeling een zeker risico met zich meedraagt. Tot slot zijn deze behandelingen vaak prijzig, tijdrovend, en geven ze geen garantie tot permanent gladde en haarloze huid.<\/p>\n<\/div>\n<\/div>\n<p>[\/vc_column_text][vc_empty_space image_repeat=&#8221;no-repeat&#8221;][vc_single_image image=&#8221;11829&#8243; img_size=&#8221;large&#8221; alignment=&#8221;center&#8221; css=&#8221;&#8221; hover_animation=&#8221;no&#8221;][vc_empty_space image_repeat=&#8221;no-repeat&#8221;][vc_column_text css=&#8221;&#8221;]<\/p>\n<div class=\"wpb_text_column wpb_content_element \">\n<div class=\"wpb_wrapper\">\n<p><strong>WAXEN IS VOOR IEDEREEN!<\/strong><\/p>\n<p>Natuurlijk, vinden wij dat iedereen aan ontharen moet geloven. Het geweldige gevoel om\u00a0een sexy en gladde huid te ervaren, maar de herinnering aan jouw laatste alternatieve ontharingsbeurt doet je toch weer naar het scheermesje grijpen.<\/p>\n<p>Daarom heeft Elize zich eigen gemaakt om mensen zelfvertrouwen te geven door ontharen. Hierbij willen we de angst voor pijn weg nemen en ervoor zorgen dat waxen voor iedereen toegankelijk is. Na jarenlange ervering heeft ze de perfecte formule gevonden. Deze formule maakt het mogelijk het gehele lichaam minder pijnlijk en met een mooier resultaat te waxen.<\/p>\n<p>&nbsp;<\/p>\n<p><strong>DREMPEL OM TE GAAN WAXEN<\/strong><\/p>\n<p>Naast pijn merken wij dat schaamte een tweede drempel vormt om de stap naar Salon Elize te maken. Voor een behandeling moet het haar groeien, waardoor mensen zich ongemakkelijk en onaantrekkelijk voelen. Daarnaast is het voor velen lastig om bij een waxstudio naar binnen te stappen omdat je je misschien wel schaamt.<\/p>\n<p>&nbsp;<\/p>\n<p>Zeker als het gaat om een Brazilian Wax. Wij vinden dat haargroei op verschillende plekken van het lichaam een normaal\u00a0is. Schaamte hoeft voor ons geen reden te zijn waarom mensen geen waxbehandeling zouden moeten ondergaan en daarom willen wij die schaamte graag wegnemen. Elize zorgt ervoor dat jij je op je gemaakt voelt tijdens de behandeling. 95% komt na een eerste behandeling terug en wil niet meer anders, een groter compliment is er niet. Dus wie glad wil zijn, zal wel een beetje pijn moeten lijden, maar zo min mogelijk en in een comfortabele, fijne omgeving.<\/p>\n<p>&nbsp;<\/p>\n<p><strong>KENMERKEN VAN DE WAX<\/strong><\/p>\n<p>Wij zijn zijn altijd op zoek naar manieren om je nog beter, sneller en minder pijnlijk te kunnen waxen en met een nog mooier resultaat. Onze wax kan op ieder lichaamsdeel worden gebruikt en zorgt dankzij unieke ingredi\u00ebnten voor een aanzienlijk minder pijnlijke waxbehandeling en een zacht perzikhuidje die minstens vier weken zo blijft.<\/p>\n<\/div>\n<\/div>\n<p>[\/vc_column_text][vc_empty_space image_repeat=&#8221;no-repeat&#8221;][vc_single_image image=&#8221;11827&#8243; img_size=&#8221;large&#8221; alignment=&#8221;center&#8221; css=&#8221;&#8221; hover_animation=&#8221;no&#8221;][vc_empty_space image_repeat=&#8221;no-repeat&#8221;][vc_column_text css=&#8221;&#8221;]<\/p>\n<div class=\"wpb_text_column wpb_content_element \">\n<div class=\"wpb_wrapper\">\n<p><strong>BRAZILIAN WAX (VROUWEN)<\/strong><\/p>\n<p>Als \u00e9\u00e9n van de weinige salons in de omgeving van Steenwijk, Zwolle, Meppel en Emmeloord kan je bij ons ook terecht voor een Brazilian Wax. <strong>Deze Brazilian Wax wordt enkel uitgevoerd bij vrouwen (door een vrouw)<\/strong>.<\/p>\n<p><strong>G\u00eane<\/strong><br \/>\nAls je voor het eerst komt voor een Brazilian wax zal er een moment komen waarop je uit de kleren zal moeten. Wij snappen dat dit de eerste keer wat ongemakkelijk kan zijn voor sommigen. Geen mens is hetzelfde en dat geldt ook voor de schaamstreek. Voor mij als professional telt echter alleen de tevredenheid van de klant. Je kunt volledig vertrouwen op mijn discretie en professionaliteit.<\/p>\n<p><strong>Diabetes en Brazilian wax<\/strong><br \/>\nAls je diabetes hebt is het geen probleem om een Brazilian wax behandeling te krijgen. Wij horen dit wel graag voorafgaand aan de behandeling zodat er rekening kan houden met een, bij sommigen, wat dunnere huid.<\/p>\n<p><strong>Brazilian wax en een beschadigde \/ dunne \/ gevoelige huid<\/strong><br \/>\nIndien je een beschadigde, zeer dunne of zeer gevoelige huid hebt, dan verzoeken we je dit te melden. Hiermee rekening houden tijdens de Brazilian wax. Indien het gehele huidoppervlakte beschadigd is, dan adviseren we je geen Brazilian wax te nemen (dit geldt ook voor het gebruik met hars op andere lichaamsdelen).<\/p>\n<p><strong>Zwangerschap en Brazilian wax<\/strong><br \/>\nJazeker, veel vrouwen vinden een Brazilian wax zelfs een betere oplossing dan scheren deze 9 maanden. Vooral in de laatste maanden is scheren erg lastig. En als de bevalling gaat beginnen geeft het toch een prettiger gevoel als alles netjes is \u201cdown there\u201d. Een Brazilian wax kan wel iets gevoeliger zijn tijdens je zwangerschap.<\/p>\n<p><strong>Brazilian wax na een bevalling<\/strong><br \/>\nNa de bevalling verschilt het natuurlijk per persoon wanneer er weer een Brazilian wax behandeling ondergaan kan worden. In de regel kun je ervan uitgaan dat er weer een Brazilian wax gedaan kan worden zodra er geen huidbeschadigingen meer zijn, maar in de meeste gevallen voel je dit zelf het beste aan en bij twijfel doe je het of nog even niet of overleg je het met een arts. Vanzelfsprekend is het ter beoordeling door de behandeld specialist of zij het verantwoord vindt om een Brazilian wax uit te voeren, zelfs nadat je overleg met een arts hebt gehad.<\/p>\n<p><strong>Brazilian wax en een intieme piercing<\/strong><br \/>\nUiteraard kun je een Brazilian wax behandeling krijgen indien je een intieme piercing hebt. Op de plekken waar een intieme piercing wordt gezet zitten normaliter geen haartjes, dus de specialist kan netjes om de piercing heen werken.<\/p>\n<p><strong>Tips<\/strong><\/p>\n<p><strong>Voor het ontharen:<\/strong><\/p>\n<ul>\n<li>Scrub de huid 2 of 3 dagen voor de behandeling (uiteraard is het voor de algemene huidverzorging altijd goed om je huid 1-2 x per week te scrubben).<\/li>\n<li>Niet meer scrubben 24 uur voor de behandeling. Het scrubben voorkomt ingegroeide haartjes.<\/li>\n<li>Niet in de zon of onder de zonnebank 24 uur voor de behandeling.<\/li>\n<li>Zorg ervoor dat de haartjes tussen de 0,5 en 1 cm zijn<\/li>\n<li>Probeer een Brazilian wax behandeling 3 dagen voor en tijdens de eerste 3 dagen van de menstruatie te voorkomen. In deze periode zijn veel vrouwen extra gevoelig en is er meer sprake van pijn beleving.<\/li>\n<li>Gebruik de dag van de behandeling geen bodylotion of andere huidverzorgingsproducten op de te ontharen gebieden<\/li>\n<li>Zorg voor een goede persoonlijke hygi\u00ebne.<\/li>\n<li>Neem eventueel een schoon slipje mee.<\/li>\n<\/ul>\n<p><strong>\u00a0<\/strong><\/p>\n<p><strong>Na het ontharen:<\/strong><\/p>\n<ul>\n<li>vermijd de eerste 24-48 uur de zonnebank, sauna en zwembad<\/li>\n<li>voorkom de eerste 24 uur na een behandeling overmatige transpiratie<\/li>\n<li>gebruik binnen 24 uur na de behandeling geen scrub of huidverzorgingsproduct<\/li>\n<li>vermijd gebruik van parfum en of deodorant op de onthaarde lichaamsdelen<\/li>\n<li>als je na 24 uur toch graag de zon in wilt gebruik dan een goede zonnefactor (liefst factor 30) aangezien de huid niet alleen onthaard is maar ook gepeeld is deze zeer gevoelig<\/li>\n<li>voor verbranden<\/li>\n<li>neem een schoon slipje mee (zonder kant, aangezien de huid toch even gevoelig is en het kant kan dan schuren)<\/li>\n<li>trek een lekkere losse broek aan voor die dag<\/li>\n<\/ul>\n<\/div>\n<\/div>\n<p>[\/vc_column_text][vc_empty_space image_repeat=&#8221;no-repeat&#8221;][vc_single_image image=&#8221;11830&#8243; img_size=&#8221;large&#8221; alignment=&#8221;center&#8221; css=&#8221;&#8221; hover_animation=&#8221;no&#8221;][vc_empty_space image_repeat=&#8221;no-repeat&#8221;]<a href=\"http:\/\/www.salonelize.nl\/site\/online-afspraak\/\" target=\"_self\"  class=\"qbutton  big_large_full_width fill_diagonal icon_right\" ><span class=\"text_wrap\">MAAK DIRECT EEN AFSPRAAK!<\/span><span class=\"a_overlay\" style=\"\"><\/span><\/a>[vc_empty_space image_repeat=&#8221;no-repeat&#8221;][vc_column_text css=&#8221;&#8221;]<\/p>\n<div class=\"wpb_text_column wpb_content_element \">\n<div class=\"wpb_wrapper\">\n<p><strong>IS WAXEN OOK VOOR MANNEN? JAZEKER.<\/strong><\/p>\n<p><em><u>Bij mannen is het bij Salon Elize niet mogelijk om een afspraak te maken voor het harsen van de schaamstreek.<\/u><\/em><\/p>\n<p>Mannelijke modellen en sporters doen het allemaal. Zeker 20% van onze klanten is man en stuk voor stuk willen ze geen andere manier meer van ontharen. Ook volgens onze mannelijke klanten biedt waxen veel voordelen.<\/p>\n<p>&nbsp;<\/p>\n<p><strong><em>Sporters<\/em><\/strong><\/p>\n<p>Bij Salon Elize ontvangen wij regelmatig wielrenners, zwemmers en liefhebbers van andere sporten. Waxen kan jouw als sporter veel voordelen bieden. Een zwemmer zal door het verwijderen van lichaamshaar minder weerstand in het water hebben, waardoor hij zich soepeler kan voortbewegen. Ook wielrenners waxen tegenwoordig bijna allemaal hun benen. Dit heeft twee redenen. De eerste reden is dat gladde benen veel beter te masseren zijn dan behaarde benen. Een tweede reden is het tegengaan van infecties bij valpartijen. Haren zorgen er namelijk voor dat vuil en bacteri\u00ebn blijven hangen, waardoor wondjes sneller ge\u00efnfecteerd raken. Gladde benen voorkomen dus infecties en ontstekingen. Dit geldt voor alle sporten waarbij een valpartij kan zorgen voor wondjes op de huid. Daarnaast zijn spieren bij sporters (en niet-sporters) veel beter te zien wanneer deze niet verstopt liggen onder een laag haren.<\/p>\n<p>&nbsp;<\/p>\n<p><strong><em>Hygi\u00ebne en\u00a0Transpiratie<\/em><\/strong><\/p>\n<p>Zowel vrouwen als mannen hebben last van transpiratie. Alleen al via je oksels verlies je zo\u2019n halve liter zweet per dag. Normaal gesproken verdampt dit zweet gewoon op je lichaam. Dit is echter niet het geval op de behaarde plekken van het lichaam. Het zweet blijft hangen in de haren en op de huid. Hierdoor wordt het een broeikas van bacteri\u00ebn en ontstaat er sneller een sterke transpiratiegeur. Omdat mannen vaak meer zweten dan vrouwen, is het voor hen extra effectief om het haar op bepaalde plekken te laten verwijderen door middel van waxen. Salon Elize geeft mannen een hygi\u00ebnisch en verzorgd gevoel en zorgt ervoor dat je je minder druk hoeft te maken over je transpiratie en eventueel bijbehorende geur.<\/p>\n<p>&nbsp;<\/p>\n<p><strong><em>Kleinere behandelingen<\/em><\/strong><\/p>\n<p>Naast het waxen van de grotere lichaamsdelen, zoals rug, borst en benen, biedt Salon Elize ook kleinere behandelingen voor mannen aan. Voorbeelden hiervan zijn het waxen van de neus en de oren of bijvoorbeeld nek of rug \/ borst. Veel mannen gebruiken een trimmer voor het verwijderen van de haren op deze plekken, maar waxen biedt een goed alternatief. Het haar blijft langer weg dan bij trimmen of knippen en Elize kan goed zien tot waar het haar precies groeit. Hierdoor wordt het haar vaak beter verwijderd dan wanneer je dit zelf doet.<\/p>\n<p>&nbsp;<\/p>\n<p><strong><u>Bij mannen is het bij Salon Elize niet mogelijk om een afspraak te maken voor het harsen van de schaamstreek.<\/u><\/strong><\/p>\n<p>&nbsp;<\/p>\n<\/div>\n<\/div>\n<p>[\/vc_column_text][vc_empty_space height=&#8221;38px&#8221; image_repeat=&#8221;no-repeat&#8221;][vc_single_image image=&#8221;11831&#8243; img_size=&#8221;large&#8221; alignment=&#8221;center&#8221; css=&#8221;&#8221; hover_animation=&#8221;no&#8221;][vc_empty_space height=&#8221;38px&#8221; image_repeat=&#8221;no-repeat&#8221;][\/vc_column][\/vc_row][vc_column]<a href=\"http:\/\/www.salonelize.nl\/site\/online-afspraak\/\" target=\"_self\"  class=\"qbutton  big_large_full_width fill_diagonal icon_right\" ><span class=\"text_wrap\">MAAK DIRECT EEN AFSPRAAK!<\/span><span class=\"a_overlay\" style=\"\"><\/span><\/a>[vc_empty_space height=&#8221;38px&#8221; image_repeat=&#8221;no-repeat&#8221;][\/vc_column][vc_column][\/vc_column]<\/p>\n<\/div>","protected":false},"excerpt":{"rendered":"<p>[vc_row row_type=&#8221;row&#8221; use_row_as_full_screen_section=&#8221;no&#8221; type=&#8221;full_width&#8221; text_align=&#8221;left&#8221; box_shadow_on_row=&#8221;no&#8221;][vc_column][vc_single_image image=&#8221;11824&#8243; img_size=&#8221;full&#8221; alignment=&#8221;center&#8221; css=&#8221;&#8221; hover_animation=&#8221;no&#8221;][vc_empty_space image_repeat=&#8221;no-repeat&#8221;][\/vc_column][\/vc_row][vc_row row_type=&#8221;row&#8221; use_row_as_full_screen_section=&#8221;no&#8221; type=&#8221;full_width&#8221; text_align=&#8221;left&#8221; box_shadow_on_row=&#8221;no&#8221;][vc_column][vc_text_separator title=&#8221;Salon Elize | De specialist in ontharing (waxing)!&#8221; text_in_box=&#8221;yes&#8221; text_position=&#8221;center&#8221; box_border_style=&#8221;solid&#8221; line_border_style=&#8221;solid&#8221; line_dots=&#8221;no&#8221;][vc_empty_space image_repeat=&#8221;no-repeat&#8221;][\/vc_column][\/vc_row][vc_row row_type=&#8221;row&#8221; use_row_as_full_screen_section=&#8221;no&#8221; type=&#8221;full_width&#8221; text_align=&#8221;left&#8221; box_shadow_on_row=&#8221;no&#8221;][vc_column][vc_column_text css=&#8221;&#8221;]JE EERSTE KEER WAXING. Zijn scheermesjes jouw metgezel vanaf&#8230;<\/p>\n","protected":false},"author":1,"featured_media":0,"parent":0,"menu_order":0,"comment_status":"closed","ping_status":"closed","template":"","meta":{"footnotes":""},"class_list":["post-10802","page","type-page","status-publish","hentry"],"_links":{"self":[{"href":"https:\/\/www.salonelize.nl\/site\/wp-json\/wp\/v2\/pages\/10802","targetHints":{"allow":["GET"]}}],"collection":[{"href":"https:\/\/www.salonelize.nl\/site\/wp-json\/wp\/v2\/pages"}],"about":[{"href":"https:\/\/www.salonelize.nl\/site\/wp-json\/wp\/v2\/types\/page"}],"author":[{"embeddable":true,"href":"https:\/\/www.salonelize.nl\/site\/wp-json\/wp\/v2\/users\/1"}],"replies":[{"embeddable":true,"href":"https:\/\/www.salonelize.nl\/site\/wp-json\/wp\/v2\/comments?post=10802"}],"version-history":[{"count":22,"href":"https:\/\/www.salonelize.nl\/site\/wp-json\/wp\/v2\/pages\/10802\/revisions"}],"predecessor-version":[{"id":11840,"href":"https:\/\/www.salonelize.nl\/site\/wp-json\/wp\/v2\/pages\/10802\/revisions\/11840"}],"wp:attachment":[{"href":"https:\/\/www.salonelize.nl\/site\/wp-json\/wp\/v2\/media?parent=10802"}],"curies":[{"name":"wp","href":"https:\/\/api.w.org\/{rel}","templated":true}]}}